{"id":74,"date":"2023-11-12T08:54:58","date_gmt":"2023-11-12T08:54:58","guid":{"rendered":"https:\/\/profesinesajunga.eu\/?page_id=74"},"modified":"2026-03-24T13:45:35","modified_gmt":"2026-03-24T11:45:35","slug":"lnss-kolektyvine-sutartis","status":"publish","type":"page","link":"https:\/\/profesinesajunga.eu\/index.php\/kolektyvines-sutartys\/lnss-kolektyvine-sutartis\/","title":{"rendered":"Lietuvos nacionalin\u0117s sveikatos sistemos \u0161akos kolektyvin\u0117 sutartis"},"content":{"rendered":"\n<p><a href=\"https:\/\/sam.lrv.lt\/lt\/news\/sveikatos-sistemos-sakos-kolektyvine-sutartis-per-200-mln-atlyginimu-augimui-papildomos-socialines-garantijos-ir-demesys-slaugytojams\">SAM: Sveikatos sistemos \u0161akos kolektyvin\u0117 sutartis: per 200 mln. atlyginim\u0173 augimui, papildomos socialin\u0117s garantijos ir d\u0117mesys slaugytojams<\/a><\/p>\n\n\n\n<div data-wp-interactive=\"core\/file\" class=\"wp-block-file\"><object data-wp-bind--hidden=\"!state.hasPdfPreview\" hidden class=\"wp-block-file__embed\" data=\"https:\/\/profesinesajunga.eu\/wp-content\/uploads\/2026\/03\/S-68.pdf\" type=\"application\/pdf\" style=\"width:100%;height:600px\" aria-label=\"S-68 \u012fterpimas.\"><\/object><a id=\"wp-block-file--media-58d151b8-aed6-4cec-bf27-d4c42fdd7302\" href=\"https:\/\/profesinesajunga.eu\/wp-content\/uploads\/2026\/03\/S-68.pdf\">S-68<\/a><a href=\"https:\/\/profesinesajunga.eu\/wp-content\/uploads\/2026\/03\/S-68.pdf\" class=\"wp-block-file__button wp-element-button\" download aria-describedby=\"wp-block-file--media-58d151b8-aed6-4cec-bf27-d4c42fdd7302\">Parsisi\u0173sti<\/a><\/div>\n\n\n\n<div data-wp-interactive=\"core\/file\" class=\"wp-block-file\"><object data-wp-bind--hidden=\"!state.hasPdfPreview\" hidden class=\"wp-block-file__embed\" data=\"https:\/\/profesinesajunga.eu\/wp-content\/uploads\/2025\/01\/LNSS-sakos-kolektyvine-sutartis.pdf\" type=\"application\/pdf\" style=\"width:100%;height:600px\" aria-label=\"LNSS \u0161akos kolektyvin\u0117 sutartis \u012fterpimas.\"><\/object><a id=\"wp-block-file--media-0ce9c17e-1b74-47ea-8a4a-d65187b1067f\" href=\"https:\/\/profesinesajunga.eu\/wp-content\/uploads\/2025\/01\/LNSS-sakos-kolektyvine-sutartis.pdf\">LNSS \u0161akos kolektyvin\u0117 sutartis<\/a><a href=\"https:\/\/profesinesajunga.eu\/wp-content\/uploads\/2025\/01\/LNSS-sakos-kolektyvine-sutartis.pdf\" class=\"wp-block-file__button wp-element-button\" download aria-describedby=\"wp-block-file--media-0ce9c17e-1b74-47ea-8a4a-d65187b1067f\">Parsisi\u0173sti<\/a><\/div>\n\n\n\n<p><\/p>\n","protected":false},"excerpt":{"rendered":"<p>SAM: Sveikatos sistemos \u0161akos kolektyvin\u0117 sutartis: per 200 mln. atlyginim\u0173 augimui, papildomos socialin\u0117s garantijos ir d\u0117mesys slaugytojams<\/p>\n","protected":false},"author":1,"featured_media":0,"parent":70,"menu_order":3,"comment_status":"closed","ping_status":"closed","template":"","meta":{"jetpack_post_was_ever_published":false,"footnotes":""},"class_list":["post-74","page","type-page","status-publish"],"jetpack_sharing_enabled":true,"_links":{"self":[{"href":"https:\/\/profesinesajunga.eu\/index.php\/wp-json\/wp\/v2\/pages\/74","targetHints":{"allow":["GET"]}}],"collection":[{"href":"https:\/\/profesinesajunga.eu\/index.php\/wp-json\/wp\/v2\/pages"}],"about":[{"href":"https:\/\/profesinesajunga.eu\/index.php\/wp-json\/wp\/v2\/types\/page"}],"author":[{"embeddable":true,"href":"https:\/\/profesinesajunga.eu\/index.php\/wp-json\/wp\/v2\/users\/1"}],"replies":[{"embeddable":true,"href":"https:\/\/profesinesajunga.eu\/index.php\/wp-json\/wp\/v2\/comments?post=74"}],"version-history":[{"count":5,"href":"https:\/\/profesinesajunga.eu\/index.php\/wp-json\/wp\/v2\/pages\/74\/revisions"}],"predecessor-version":[{"id":429,"href":"https:\/\/profesinesajunga.eu\/index.php\/wp-json\/wp\/v2\/pages\/74\/revisions\/429"}],"up":[{"embeddable":true,"href":"https:\/\/profesinesajunga.eu\/index.php\/wp-json\/wp\/v2\/pages\/70"}],"wp:attachment":[{"href":"https:\/\/profesinesajunga.eu\/index.php\/wp-json\/wp\/v2\/media?parent=74"}],"curies":[{"name":"wp","href":"https:\/\/api.w.org\/{rel}","templated":true}]}}