{"id":66,"date":"2023-11-12T08:51:01","date_gmt":"2023-11-12T08:51:01","guid":{"rendered":"https:\/\/profesinesajunga.eu\/?page_id=66"},"modified":"2023-11-15T15:37:21","modified_gmt":"2023-11-15T15:37:21","slug":"naudingos-nuorodos","status":"publish","type":"page","link":"https:\/\/profesinesajunga.eu\/index.php\/naudingos-nuorodos\/","title":{"rendered":"Naudingos nuorodos"},"content":{"rendered":"\n<figure class=\"wp-block-image size-full is-resized\"><img loading=\"lazy\" decoding=\"async\" width=\"512\" height=\"512\" src=\"https:\/\/profesinesajunga.eu\/wp-content\/uploads\/2023\/11\/image-6.png\" alt=\"\" class=\"wp-image-176\" style=\"width:114px;height:auto\" srcset=\"https:\/\/profesinesajunga.eu\/wp-content\/uploads\/2023\/11\/image-6.png 512w, https:\/\/profesinesajunga.eu\/wp-content\/uploads\/2023\/11\/image-6-300x300.png 300w, https:\/\/profesinesajunga.eu\/wp-content\/uploads\/2023\/11\/image-6-150x150.png 150w\" sizes=\"auto, (max-width: 512px) 100vw, 512px\" \/><\/figure>\n\n\n\n<p><\/p>\n\n\n\n<p><a href=\"https:\/\/www.e-tar.lt\/portal\/lt\/legalAct\/TAR.47BB952431DA\/asr\" target=\"_blank\" rel=\"noreferrer noopener\">Lietuvos Respublikos konstitucija<\/a><\/p>\n\n\n\n<p><a href=\"https:\/\/e-seimas.lrs.lt\/portal\/legalAct\/lt\/TAD\/TAIS.2293\/PToeCHJGQn\" target=\"_blank\" rel=\"noreferrer noopener\">Profesini\u0173 s\u0105jung\u0173 \u012fstatymas<\/a><\/p>\n\n\n\n<p><a href=\"https:\/\/e-seimas.lrs.lt\/portal\/legalAct\/lt\/TAD\/10c6bfd07bd511e6a0f68fd135e6f40c\/asr\" target=\"_blank\" rel=\"noreferrer noopener\">Lietuvos Respublikos darbo kodeksas<\/a><\/p>\n\n\n\n<p><a href=\"https:\/\/www.lpsk.lt\" target=\"_blank\" rel=\"noreferrer noopener\">Lietuvos profesini\u0173 s\u0105jung\u0173 konfederacija<\/a><\/p>\n\n\n\n<p><a href=\"https:\/\/lsadps.lt\" target=\"_blank\" rel=\"noreferrer noopener\">Lietuvos sveikatos apsaugos darbuotoj\u0173 profesin\u0117 s\u0105junga<\/a><\/p>\n\n\n\n<p><a href=\"https:\/\/nvspl.lt\" target=\"_blank\" rel=\"noreferrer noopener\">Nacionalin\u0117 visuomen\u0117s sveikatos prie\u017ei\u016bros laboratorija<\/a><\/p>\n\n\n\n<p><a href=\"https:\/\/www.vdi.lt\">Valstybin\u0117 darbo inspekcija<\/a><\/p>\n","protected":false},"excerpt":{"rendered":"<p>Lietuvos Respublikos konstitucija Profesini\u0173 s\u0105jung\u0173 \u012fstatymas Lietuvos Respublikos darbo kodeksas Lietuvos profesini\u0173 s\u0105jung\u0173 konfederacija Lietuvos sveikatos apsaugos darbuotoj\u0173 profesin\u0117 s\u0105junga Nacionalin\u0117 visuomen\u0117s sveikatos prie\u017ei\u016bros laboratorija Valstybin\u0117 darbo inspekcija<\/p>\n","protected":false},"author":1,"featured_media":0,"parent":0,"menu_order":5,"comment_status":"closed","ping_status":"closed","template":"","meta":{"jetpack_post_was_ever_published":false,"footnotes":""},"class_list":["post-66","page","type-page","status-publish"],"jetpack_sharing_enabled":true,"_links":{"self":[{"href":"https:\/\/profesinesajunga.eu\/index.php\/wp-json\/wp\/v2\/pages\/66","targetHints":{"allow":["GET"]}}],"collection":[{"href":"https:\/\/profesinesajunga.eu\/index.php\/wp-json\/wp\/v2\/pages"}],"about":[{"href":"https:\/\/profesinesajunga.eu\/index.php\/wp-json\/wp\/v2\/types\/page"}],"author":[{"embeddable":true,"href":"https:\/\/profesinesajunga.eu\/index.php\/wp-json\/wp\/v2\/users\/1"}],"replies":[{"embeddable":true,"href":"https:\/\/profesinesajunga.eu\/index.php\/wp-json\/wp\/v2\/comments?post=66"}],"version-history":[{"count":6,"href":"https:\/\/profesinesajunga.eu\/index.php\/wp-json\/wp\/v2\/pages\/66\/revisions"}],"predecessor-version":[{"id":194,"href":"https:\/\/profesinesajunga.eu\/index.php\/wp-json\/wp\/v2\/pages\/66\/revisions\/194"}],"wp:attachment":[{"href":"https:\/\/profesinesajunga.eu\/index.php\/wp-json\/wp\/v2\/media?parent=66"}],"curies":[{"name":"wp","href":"https:\/\/api.w.org\/{rel}","templated":true}]}}