{"id":366,"date":"2025-02-11T15:43:09","date_gmt":"2025-02-11T13:43:09","guid":{"rendered":"https:\/\/profesinesajunga.eu\/?page_id=366"},"modified":"2025-02-11T16:04:58","modified_gmt":"2025-02-11T14:04:58","slug":"pranesk","status":"publish","type":"page","link":"https:\/\/profesinesajunga.eu\/index.php\/pranesk\/","title":{"rendered":"PRANE\u0160K!"},"content":{"rendered":"\n<p>Jei patyrei psichologin\u012f smurt\u0105, priekabiavim\u0105 ar kit\u0105 nepageidaujam\u0105 elges\u012f savo ar kito darbuotojo at\u017evilgiu, netyl\u0117k ir prane\u0161k!<\/p>\n\n\n\n<p><strong>Atmintin\u0117 darbuotojui.<\/strong> Kas yra psichologinis smurtas: <a href=\"https:\/\/www.vdi.lt\/AtmUploads\/Atmintine_smurtas.pdf\">https:\/\/www.vdi.lt\/AtmUploads\/Atmintine_smurtas.pdf<\/a> <\/p>\n\n\n\n<p>Prane\u0161imo tekst\u0105 para\u0161ykite \u017eemiau esan\u010diame laukelyje. Jei teikdami informacij\u0105 nenurodysite savo asmens duomen\u0173 (t. y. vardo, pavard\u0117s) prane\u0161imas bus anoniminis.<\/p>\n\n\n<div class=\"wp-block-jetpack-contact-form is-style-outlined\"><a href=\"https:\/\/profesinesajunga.eu\/index.php\/pranesk\/\" target=\"_blank\" rel=\"noopener noreferrer\">Submit a form.<\/a><\/div>\n\n\n<hr class=\"wp-block-separator has-alpha-channel-opacity\"\/>\n\n\n\n<p><a href=\"https:\/\/pagalbasau.lt\/pagalbos-linijos\/\">Pagalbos linijos<\/a><\/p>\n\n\n\n<p><\/p>\n","protected":false},"excerpt":{"rendered":"<p>Jei patyrei psichologin\u012f smurt\u0105, priekabiavim\u0105 ar kit\u0105 nepageidaujam\u0105 elges\u012f savo ar kito darbuotojo at\u017evilgiu, netyl\u0117k ir prane\u0161k! Atmintin\u0117 darbuotojui. Kas yra psichologinis smurtas: https:\/\/www.vdi.lt\/AtmUploads\/Atmintine_smurtas.pdf Prane\u0161imo tekst\u0105 para\u0161ykite \u017eemiau esan\u010diame laukelyje. Jei teikdami informacij\u0105 nenurodysite savo asmens duomen\u0173 (t. y. vardo, pavard\u0117s) prane\u0161imas bus anoniminis. Pagalbos linijos<\/p>\n","protected":false},"author":1,"featured_media":0,"parent":0,"menu_order":7,"comment_status":"closed","ping_status":"closed","template":"","meta":{"jetpack_post_was_ever_published":false,"footnotes":""},"class_list":["post-366","page","type-page","status-publish"],"jetpack_sharing_enabled":true,"_links":{"self":[{"href":"https:\/\/profesinesajunga.eu\/index.php\/wp-json\/wp\/v2\/pages\/366","targetHints":{"allow":["GET"]}}],"collection":[{"href":"https:\/\/profesinesajunga.eu\/index.php\/wp-json\/wp\/v2\/pages"}],"about":[{"href":"https:\/\/profesinesajunga.eu\/index.php\/wp-json\/wp\/v2\/types\/page"}],"author":[{"embeddable":true,"href":"https:\/\/profesinesajunga.eu\/index.php\/wp-json\/wp\/v2\/users\/1"}],"replies":[{"embeddable":true,"href":"https:\/\/profesinesajunga.eu\/index.php\/wp-json\/wp\/v2\/comments?post=366"}],"version-history":[{"count":9,"href":"https:\/\/profesinesajunga.eu\/index.php\/wp-json\/wp\/v2\/pages\/366\/revisions"}],"predecessor-version":[{"id":383,"href":"https:\/\/profesinesajunga.eu\/index.php\/wp-json\/wp\/v2\/pages\/366\/revisions\/383"}],"wp:attachment":[{"href":"https:\/\/profesinesajunga.eu\/index.php\/wp-json\/wp\/v2\/media?parent=366"}],"curies":[{"name":"wp","href":"https:\/\/api.w.org\/{rel}","templated":true}]}}