{"id":3,"date":"2023-11-09T13:34:14","date_gmt":"2023-11-09T13:34:14","guid":{"rendered":"http:\/\/profesinesajunga.eu\/?page_id=3"},"modified":"2023-11-14T14:15:19","modified_gmt":"2023-11-14T14:15:19","slug":"privacy-policy","status":"publish","type":"page","link":"https:\/\/profesinesajunga.eu\/index.php\/apie\/privacy-policy\/","title":{"rendered":"Privatumo politika"},"content":{"rendered":"\n<h2 class=\"wp-block-heading\">Kas mes esame<\/h2>\n\n\n\n<p>Puslapio savininkas &#8211; <strong class=\"privacy-policy-tutorial\">Nacionalin\u0117s visuomen\u0117s sveikatos prie\u017ei\u016bros laboratorijos profesin\u0117 s\u0105junga. <\/strong>M\u016bs\u0173 interneto puslapis: http:\/\/profesinesajunga.eu, el. pa\u0161to adresas: nvspl@profesinesajunga.eu.<\/p>\n\n\n\n<h2 class=\"wp-block-heading\">Komentarai<\/h2>\n\n\n\n<p>Paliekant komentar\u0105 (-us) svetain\u0117je po \u012fra\u0161ais, puslapyje yra renkami duomenys, kurie atvaizduojami komentar\u0173 skiltyje, tokie kaip lankytojo IP adresas ir nar\u0161ykl\u0117s vartotojo duomenys (angl. browser user agent string). \u0160ie duomenys skirti identifikuoti ir pa\u0161alinti \u0161iuk\u0161les (angl. spam).<\/p>\n\n\n\n<p>Komentrai po \u012fra\u0161ais gali b\u016bti trinami esant nepykantos kalbos aprai\u0161kosms, \u012f\u017eeidimams ar kitiems vie\u0161ai nepriimtinos leksikos naudojimui siekiant skleisti neapykant\u0105. Esant \u012ftarimams d\u0117l nusikalstamos veikos siekiant vie\u0161ai skleisti melaging\u0105, \u017eeminan\u010di\u0105 ar kito pob\u016bd\u017eio infromacij\u0105, baud\u017eiam\u0105 Lietuvos Respublikos \u012fstatymuose numatyt\u0105 tvarka, duomenys gali b\u016bti perduoti tretiesiems asmenims (pvz.: policija, prok\u016brat\u016bra ar kt.).<\/p>\n\n\n\n<p>Anonimin\u0117 eilut\u0117, sukurta J\u016bs\u0173 el. pa\u0161to adreso (angl. hash), gali b\u016bti pateikta \u201eGravatar\u201c paslaugai, kad b\u016bt\u0173 galima patikrinti, ar j\u0105 naudojate. Su Gravatar paslaugos privatumo politika galite susipa\u017einti \u010dia: https:\/\/automattic.com\/privacy\/. Patvirtinus j\u016bs\u0173 komentar\u0105, j\u016bs\u0173 profilio nuotrauka bus matoma vie\u0161ai prie j\u016bs\u0173 komentaro.<\/p>\n\n\n\n<h2 class=\"wp-block-heading\">Medija<\/h2>\n\n\n\n<p>Nuotraukos, vaizdo \u012fra\u0161ai, tekstai ir kita multimedija yra Nacionalin\u0117s visuomen\u0117s sveikatos prie\u017ei\u016bros laboratorijos profesin\u0117s s\u0105jungos ir tre\u010di\u0173j\u0173 \u0161ali\u0173 nuosavyb\u0117, tod\u0117l be autori\u0173 ra\u0161ti\u0161ko sutikimo naudotis ja grie\u017etai draud\u017eiama.<\/p>\n\n\n\n<h2 class=\"wp-block-heading\">Naujienlai\u0161kiai<\/h2>\n\n\n\n<p>Puslapio lankytojai turi galimyb\u0119 u\u017esaiaskyti naujienlai\u0161k\u012f. Norint u\u017esakyti naujienlai\u0161k\u012f puslapio lankytojas turi \u012fvesti asmens duomenis: vard\u0105, pavard\u0119, el. pa\u0161to adres\u0105 ir patvirtinim\u0105, kad sutinka su privatumo politika, kuria leid\u017eia puslaipio savininkams rinkti, kaupti, si\u0173sti informacij\u0105 jo nurodytu el. pa\u0161to adresu ar kitaip valdyti duomenis apie puslapio lankytoj\u0105, tam, kad b\u016bt\u0173 tinkamai teikiama naujienlai\u0161kio paslauga ir kaip tai numato Lietuvos Respublikos ir\/ar Europos s\u0105jungos teis\u0117s aktai. <\/p>\n\n\n\n<h2 class=\"wp-block-heading\">Slapukai (angl. cookies)<\/h2>\n\n\n\n<p>Jei paliksite komentar\u0105 m\u016bs\u0173 svetain\u0117je, galite pasirinkti i\u0161saugoti savo vard\u0105, el. pa\u0161to adres\u0105 ir svetain\u0119 slapukuose. Tai yra j\u016bs\u0173 patogumui, kad jums nereik\u0117t\u0173 dar kart\u0105 pildyti savo duomen\u0173, kai paliekate kit\u0105 komentar\u0105. \u0160ie slapukai galios vienerius metus.<\/p>\n\n\n\n<p>Jei apsilankysite m\u016bs\u0173 prisijungimo puslapyje, bus nustaytas laikinas slapukas, tam kad b\u016bt\u0173 nustatyta, ar j\u016bs\u0173 nar\u0161ykl\u0117 priima slapukus. \u0160iame slapuke n\u0117ra asmenini\u0173 duomen\u0173 ir jis pa\u0161alinamas, kai u\u017edarote nar\u0161ykl\u0119.<\/p>\n\n\n\n<p>Kai prisijungsite, bus nustatyti keli slapukai, kad b\u016bt\u0173 i\u0161saugota prisijungimo informacija ir ekrano rodymo parinktis. Prisijungimo slapukai galioja dvi dienas, o ekrano parink\u010di\u0173 slapukai \u2013 metus. Jei pasirinksite \u201ePrisiminti mane\u201c, j\u016bs\u0173 prisijungimas i\u0161liks dvi savaites. Jei atsijungsite nuo savo paskyros, prisijungimo slapukai bus pa\u0161alinti.<\/p>\n\n\n\n<h2 class=\"wp-block-heading\">\u012eterptinis turinys i\u0161 kit\u0173 \u0161altini\u0173<\/h2>\n\n\n\n<p><strong class=\"privacy-policy-tutorial\">Suggested text: <\/strong>Articles on this site may include embedded content (e.g. videos, images, articles, etc.). Embedded content from other websites behaves in the exact same way as if the visitor has visited the other website.<\/p>\n\n\n\n<p>These websites may collect data about you, use cookies, embed additional third-party tracking, and monitor your interaction with that embedded content, including tracking your interaction with the embedded content if you have an account and are logged in to that website.<\/p>\n\n\n\n<p>\u012era\u0161ai \u0161iame tinklalapyje gali tur\u0117ti \u012fterpt\u0105 turin\u012f i\u0161 kit\u0173 interneto \u0161altini\u0173 (pvz.: vaizdo \u012fra\u0161ai, nuotraukos, straipsniai, registracijos formos ir kt.). \u012eterptinis turinys i\u0161 kit\u0173 interneto puslapi\u0173 veikia taip, kaip j\u0173 veikla yra numatyta pirminiame interneto puslapyje.<\/p>\n\n\n\n<p>\u0160ie interneto puslapiai gali rinkti duomenis apie Jus, naudojant slapukus, \u012fterptas tre\u010di\u0173j\u0173 \u0161ali\u0173 elgsenos steb\u0117jimo priemones bei priemones steb\u0117ti s\u0105veik\u0105 su iterptiniu turiniu, \u012fskaitant vartotojo elgsen\u0105 su juo ir kt.<\/p>\n\n\n\n<h2 class=\"wp-block-heading\">Kiek laiko informacija apie Jus yra saugoma<\/h2>\n\n\n\n<p>Jei paliksite komentar\u0105 po \u012fra\u0161u, komentaras ir jo metaduomenys bus saugomi neribot\u0105 laik\u0105. Taip sistema automati\u0161kai atpa\u017eins Jus ir patvirtins visus tolesnius komentarus, nelaukiant patvirtinimo.<\/p>\n\n\n\n<h2 class=\"wp-block-heading\">What rights you have over your data<\/h2>\n\n\n\n<p>Jei turite paskyr\u0105 \u0161ioje svetain\u0117je arba palikote komentar\u0173, galite pra\u0161yti gauti eksportuot\u0105 turim\u0173 asmens duomen\u0173 fail\u0105, \u012fskaitant visus duomenis, kuriuos pateik\u0117te. Taip pat galite pra\u0161yti, kad visa turima informacija apie J\u016bs\u0173 asmeninius duomenis b\u016bt\u0173 i\u0161trinta. Tai neapima toki\u0173 duomen\u0173, kuriuos privaloma saugoti administraciniais, teisiniais ar saugumo tikslais.<\/p>\n\n\n\n<h2 class=\"wp-block-heading\">Kus J\u016bs\u0173 duomenys gali b\u016bti panaudoti<\/h2>\n\n\n\n<p>Vartotoj\u0173 komentarai gali b\u016bti patikrinti naudojant automatines \u0161iuk\u0161li\u0173 (angl. spam) nustatymo sistemas.<\/p>\n","protected":false},"excerpt":{"rendered":"<p>Kas mes esame Puslapio savininkas &#8211; Nacionalin\u0117s visuomen\u0117s sveikatos prie\u017ei\u016bros laboratorijos profesin\u0117 s\u0105junga. M\u016bs\u0173 interneto puslapis: http:\/\/profesinesajunga.eu, el. pa\u0161to adresas: nvspl@profesinesajunga.eu. Komentarai Paliekant komentar\u0105 (-us) svetain\u0117je po \u012fra\u0161ais, puslapyje yra renkami duomenys, kurie atvaizduojami komentar\u0173 skiltyje, tokie kaip lankytojo IP adresas ir nar\u0161ykl\u0117s vartotojo duomenys (angl. browser user agent string). \u0160ie duomenys skirti identifikuoti ir &#8230; <a title=\"Privatumo politika\" class=\"read-more\" href=\"https:\/\/profesinesajunga.eu\/index.php\/apie\/privacy-policy\/\" aria-label=\"More on Privatumo politika\">Skaityti toliau<\/a><\/p>\n","protected":false},"author":1,"featured_media":0,"parent":11,"menu_order":7,"comment_status":"closed","ping_status":"closed","template":"","meta":{"jetpack_post_was_ever_published":false,"footnotes":""},"class_list":["post-3","page","type-page","status-publish"],"jetpack_sharing_enabled":true,"_links":{"self":[{"href":"https:\/\/profesinesajunga.eu\/index.php\/wp-json\/wp\/v2\/pages\/3","targetHints":{"allow":["GET"]}}],"collection":[{"href":"https:\/\/profesinesajunga.eu\/index.php\/wp-json\/wp\/v2\/pages"}],"about":[{"href":"https:\/\/profesinesajunga.eu\/index.php\/wp-json\/wp\/v2\/types\/page"}],"author":[{"embeddable":true,"href":"https:\/\/profesinesajunga.eu\/index.php\/wp-json\/wp\/v2\/users\/1"}],"replies":[{"embeddable":true,"href":"https:\/\/profesinesajunga.eu\/index.php\/wp-json\/wp\/v2\/comments?post=3"}],"version-history":[{"count":5,"href":"https:\/\/profesinesajunga.eu\/index.php\/wp-json\/wp\/v2\/pages\/3\/revisions"}],"predecessor-version":[{"id":159,"href":"https:\/\/profesinesajunga.eu\/index.php\/wp-json\/wp\/v2\/pages\/3\/revisions\/159"}],"up":[{"embeddable":true,"href":"https:\/\/profesinesajunga.eu\/index.php\/wp-json\/wp\/v2\/pages\/11"}],"wp:attachment":[{"href":"https:\/\/profesinesajunga.eu\/index.php\/wp-json\/wp\/v2\/media?parent=3"}],"curies":[{"name":"wp","href":"https:\/\/api.w.org\/{rel}","templated":true}]}}