{"id":26,"date":"2023-11-12T08:34:08","date_gmt":"2023-11-12T08:34:08","guid":{"rendered":"https:\/\/profesinesajunga.eu\/?page_id=26"},"modified":"2026-03-24T14:30:30","modified_gmt":"2026-03-24T12:30:30","slug":"taryba","status":"publish","type":"page","link":"https:\/\/profesinesajunga.eu\/index.php\/apie\/taryba\/","title":{"rendered":"Profesin\u0117s s\u0105jungos taryba"},"content":{"rendered":"\n<div class=\"wp-block-columns is-layout-flex wp-container-core-columns-is-layout-9d6595d7 wp-block-columns-is-layout-flex\">\n<div class=\"wp-block-column is-layout-flow wp-block-column-is-layout-flow\">\n<p>Profesin\u0117s s\u0105jungos pirmininkas<\/p>\n\n\n\n<p><strong>Renatas Liberis<\/strong><\/p>\n\n\n\n<hr class=\"wp-block-separator has-alpha-channel-opacity\"\/>\n\n\n\n<p>Profesin\u0117s s\u0105jungos pirmininko pavaduotoja<\/p>\n\n\n\n<p><strong>Rasa Karalkevi\u010dien\u0117<\/strong><\/p>\n\n\n\n<hr class=\"wp-block-separator has-alpha-channel-opacity\"\/>\n\n\n\n<p>Profesin\u0117s s\u0105jungos tarybos nar\u0117<\/p>\n\n\n\n<p><strong>Daiva \u0160treimikien\u0117<\/strong><\/p>\n\n\n\n<hr class=\"wp-block-separator has-alpha-channel-opacity\"\/>\n\n\n\n<p>Profesin\u0117s s\u0105jungos tarybos nar\u0117<\/p>\n\n\n\n<p><strong>Ieva Kalesnikait\u0117<\/strong><\/p>\n\n\n\n<hr class=\"wp-block-separator has-alpha-channel-opacity\"\/>\n\n\n\n<p>Profesin\u0117s s\u0105jungos tarybos nar\u0117<\/p>\n\n\n\n<p><strong>Regina Ma\u010diulyt\u0117<\/strong><\/p>\n\n\n\n<hr class=\"wp-block-separator has-alpha-channel-opacity\"\/>\n\n\n\n<p>Profesin\u0117s s\u0105jungos tarybos narys<\/p>\n\n\n\n<p><strong>Tadas Krik\u0161\u010di\u016bnas<\/strong><\/p>\n<\/div>\n<\/div>\n","protected":false},"excerpt":{"rendered":"<p>Profesin\u0117s s\u0105jungos pirmininkas Renatas Liberis Profesin\u0117s s\u0105jungos pirmininko pavaduotoja Rasa Karalkevi\u010dien\u0117 Profesin\u0117s s\u0105jungos tarybos nar\u0117 Daiva \u0160treimikien\u0117 Profesin\u0117s s\u0105jungos tarybos nar\u0117 Ieva Kalesnikait\u0117 Profesin\u0117s s\u0105jungos tarybos nar\u0117 Regina Ma\u010diulyt\u0117 Profesin\u0117s s\u0105jungos tarybos narys Tadas Krik\u0161\u010di\u016bnas<\/p>\n","protected":false},"author":1,"featured_media":0,"parent":11,"menu_order":3,"comment_status":"closed","ping_status":"closed","template":"","meta":{"jetpack_post_was_ever_published":false,"footnotes":""},"class_list":["post-26","page","type-page","status-publish"],"jetpack_sharing_enabled":true,"_links":{"self":[{"href":"https:\/\/profesinesajunga.eu\/index.php\/wp-json\/wp\/v2\/pages\/26","targetHints":{"allow":["GET"]}}],"collection":[{"href":"https:\/\/profesinesajunga.eu\/index.php\/wp-json\/wp\/v2\/pages"}],"about":[{"href":"https:\/\/profesinesajunga.eu\/index.php\/wp-json\/wp\/v2\/types\/page"}],"author":[{"embeddable":true,"href":"https:\/\/profesinesajunga.eu\/index.php\/wp-json\/wp\/v2\/users\/1"}],"replies":[{"embeddable":true,"href":"https:\/\/profesinesajunga.eu\/index.php\/wp-json\/wp\/v2\/comments?post=26"}],"version-history":[{"count":7,"href":"https:\/\/profesinesajunga.eu\/index.php\/wp-json\/wp\/v2\/pages\/26\/revisions"}],"predecessor-version":[{"id":434,"href":"https:\/\/profesinesajunga.eu\/index.php\/wp-json\/wp\/v2\/pages\/26\/revisions\/434"}],"up":[{"embeddable":true,"href":"https:\/\/profesinesajunga.eu\/index.php\/wp-json\/wp\/v2\/pages\/11"}],"wp:attachment":[{"href":"https:\/\/profesinesajunga.eu\/index.php\/wp-json\/wp\/v2\/media?parent=26"}],"curies":[{"name":"wp","href":"https:\/\/api.w.org\/{rel}","templated":true}]}}