{"id":22,"date":"2023-11-12T08:30:39","date_gmt":"2023-11-12T08:30:39","guid":{"rendered":"https:\/\/profesinesajunga.eu\/?page_id=22"},"modified":"2025-11-04T17:35:26","modified_gmt":"2025-11-04T15:35:26","slug":"kas-yra-nvspl-profesine-sajunga","status":"publish","type":"page","link":"https:\/\/profesinesajunga.eu\/index.php\/apie\/kas-yra-nvspl-profesine-sajunga\/","title":{"rendered":"Kas yra NVSPL profesin\u0117 s\u0105junga"},"content":{"rendered":"\n<p>Nacionalin\u0117s visuomen\u0117s sveikatos prie\u017ei\u016bros laboratorijos profesin\u0117 s\u0105junga&nbsp;yra&nbsp;<a href=\"https:\/\/e-seimas.lrs.lt\/portal\/legalAct\/lt\/TAD\/TAIS.2293\/asr\" target=\"_blank\" rel=\"noreferrer noopener\">Profesini\u0173 s\u0105jung\u0173 \u012fstatymo<\/a> nustatyta tvarka darbuotoj\u0173 \u012fsteigta&nbsp;suvereni, savaranki\u0161ka organizacija, laisvo apsisprendimo pagrindu vienijanti&nbsp;Nacionalin\u0117s visuomen\u0117s sveikatos prie\u017ei\u016bros laboratorijos&nbsp;darbuotojus&nbsp;(skyri\u0173 ir poskyri\u0173&nbsp;darbuotojus, ir kitus Laboratorijos darbuotojus, i\u0161skyrus Laboratorijos vadovyb\u0119, t. y. direktori\u0173 ir direktoriaus pavaduotojus) bei Laboratorijos darbuotojus, i\u0161\u0117jusius\u012f pensij\u0105.<\/p>\n\n\n\n<p><strong>Profesin\u0117s s\u0105jungos nari\u0173 skai\u010dius: 161 <\/strong>(duomenys atnaujinti 2025-11-03).<\/p>\n\n\n\n<p>Nacionalin\u0117s visuomen\u0117s sveikatos prie\u017ei\u016bros laboratorijos profesin\u0117 s\u0105junga yra kolektyviniai nariai su <a href=\"https:\/\/lsadps.lt\" target=\"_blank\" rel=\"noreferrer noopener\">Lietuvos sveikatos apsaugos darbuotoj\u0173 profesine s\u0105junga<\/a>.<\/p>\n\n\n\n<p>Nuo 2024 m. kovo 10 d. visas Nacionalin\u0117s visuomen\u0117s sveikatos prie\u017ei\u016bros laboratorijos darbo tarybos funkcijas perim\u0117 Profesin\u0117 s\u0105junga.<\/p>\n","protected":false},"excerpt":{"rendered":"<p>Nacionalin\u0117s visuomen\u0117s sveikatos prie\u017ei\u016bros laboratorijos profesin\u0117 s\u0105junga&nbsp;yra&nbsp;Profesini\u0173 s\u0105jung\u0173 \u012fstatymo nustatyta tvarka darbuotoj\u0173 \u012fsteigta&nbsp;suvereni, savaranki\u0161ka organizacija, laisvo apsisprendimo pagrindu vienijanti&nbsp;Nacionalin\u0117s visuomen\u0117s sveikatos prie\u017ei\u016bros laboratorijos&nbsp;darbuotojus&nbsp;(skyri\u0173 ir poskyri\u0173&nbsp;darbuotojus, ir kitus Laboratorijos darbuotojus, i\u0161skyrus Laboratorijos vadovyb\u0119, t. y. direktori\u0173 ir direktoriaus pavaduotojus) bei Laboratorijos darbuotojus, i\u0161\u0117jusius\u012f pensij\u0105. Profesin\u0117s s\u0105jungos nari\u0173 skai\u010dius: 161 (duomenys atnaujinti 2025-11-03). Nacionalin\u0117s visuomen\u0117s sveikatos prie\u017ei\u016bros &#8230; <a title=\"Kas yra NVSPL profesin\u0117 s\u0105junga\" class=\"read-more\" href=\"https:\/\/profesinesajunga.eu\/index.php\/apie\/kas-yra-nvspl-profesine-sajunga\/\" aria-label=\"More on Kas yra NVSPL profesin\u0117 s\u0105junga\">Skaityti toliau<\/a><\/p>\n","protected":false},"author":1,"featured_media":0,"parent":11,"menu_order":1,"comment_status":"closed","ping_status":"closed","template":"","meta":{"jetpack_post_was_ever_published":false,"footnotes":""},"class_list":["post-22","page","type-page","status-publish"],"jetpack_sharing_enabled":true,"_links":{"self":[{"href":"https:\/\/profesinesajunga.eu\/index.php\/wp-json\/wp\/v2\/pages\/22","targetHints":{"allow":["GET"]}}],"collection":[{"href":"https:\/\/profesinesajunga.eu\/index.php\/wp-json\/wp\/v2\/pages"}],"about":[{"href":"https:\/\/profesinesajunga.eu\/index.php\/wp-json\/wp\/v2\/types\/page"}],"author":[{"embeddable":true,"href":"https:\/\/profesinesajunga.eu\/index.php\/wp-json\/wp\/v2\/users\/1"}],"replies":[{"embeddable":true,"href":"https:\/\/profesinesajunga.eu\/index.php\/wp-json\/wp\/v2\/comments?post=22"}],"version-history":[{"count":11,"href":"https:\/\/profesinesajunga.eu\/index.php\/wp-json\/wp\/v2\/pages\/22\/revisions"}],"predecessor-version":[{"id":405,"href":"https:\/\/profesinesajunga.eu\/index.php\/wp-json\/wp\/v2\/pages\/22\/revisions\/405"}],"up":[{"embeddable":true,"href":"https:\/\/profesinesajunga.eu\/index.php\/wp-json\/wp\/v2\/pages\/11"}],"wp:attachment":[{"href":"https:\/\/profesinesajunga.eu\/index.php\/wp-json\/wp\/v2\/media?parent=22"}],"curies":[{"name":"wp","href":"https:\/\/api.w.org\/{rel}","templated":true}]}}