{"id":19,"date":"2023-11-09T14:13:24","date_gmt":"2023-11-09T14:13:24","guid":{"rendered":"https:\/\/profesinesajunga.eu\/?page_id=19"},"modified":"2023-11-15T15:36:19","modified_gmt":"2023-11-15T15:36:19","slug":"ivykiai","status":"publish","type":"page","link":"https:\/\/profesinesajunga.eu\/index.php\/ivykiai\/","title":{"rendered":"\u012evykiai"},"content":{"rendered":"\n<figure class=\"wp-block-image size-full is-resized\"><img loading=\"lazy\" decoding=\"async\" width=\"512\" height=\"512\" src=\"https:\/\/profesinesajunga.eu\/wp-content\/uploads\/2023\/11\/image-4.png\" alt=\"\" class=\"wp-image-172\" style=\"width:117px;height:auto\" srcset=\"https:\/\/profesinesajunga.eu\/wp-content\/uploads\/2023\/11\/image-4.png 512w, https:\/\/profesinesajunga.eu\/wp-content\/uploads\/2023\/11\/image-4-300x300.png 300w, https:\/\/profesinesajunga.eu\/wp-content\/uploads\/2023\/11\/image-4-150x150.png 150w\" sizes=\"auto, (max-width: 512px) 100vw, 512px\" \/><\/figure>\n\n\n\n<p><\/p>\n\n\n\n<hr class=\"wp-block-separator has-alpha-channel-opacity\"\/>\n\n\n\n<div id=\"vsel\" class=\"vsel-shortcode vsel-shortcode-all-events\"><div id=\"event-406\" class=\"vsel-content vsel-past\"><div class=\"vsel-meta vsel-alignleft\" style=\"width:36%;\"><h3 class=\"vsel-meta-title\">Profesin\u0117s s\u0105jungos nari\u0173 Konferencija-susirinkimas 2025<\/h3><div class=\"vsel-meta-date vsel-meta-single-date\">Date: <span>2025-10-30<\/span><\/div><div class=\"vsel-meta-time vsel-meta-error\">Error: please reset time.<\/div><\/div><div class=\"vsel-info-block vsel-alignright\" style=\"width:60%;\"><div class=\"vsel-info\"><\/div><\/div><\/div><div id=\"event-338\" class=\"vsel-content vsel-past\"><div class=\"vsel-meta vsel-alignleft\" style=\"width:36%;\"><h3 class=\"vsel-meta-title\">Profesin\u0117s s\u0105jungos nari\u0173 konferencija-susirinikimas 2024<\/h3><div class=\"vsel-meta-date vsel-meta-single-date\">Date: <span>2025-01-10<\/span><\/div><div class=\"vsel-meta-time\">Time: <span>14:00<\/span><\/div><\/div><div class=\"vsel-info-block vsel-alignright\" style=\"width:60%;\"><div class=\"vsel-info\"><\/div><\/div><\/div><div id=\"event-126\" class=\"vsel-content vsel-past\"><div class=\"vsel-meta vsel-alignleft\" style=\"width:36%;\"><h3 class=\"vsel-meta-title\">Profesin\u0117s s\u0105jungos konferencija 2023<\/h3><div class=\"vsel-meta-date vsel-meta-single-date\">Date: <span>2023-12-08<\/span><\/div><div class=\"vsel-meta-time\">Time: <span>14:00 - 16:00<\/span><\/div><\/div><div class=\"vsel-info-block vsel-alignright\" style=\"width:60%;\"><div class=\"vsel-info\"><\/div><\/div><\/div><div id=\"event-233\" class=\"vsel-content vsel-past\"><div class=\"vsel-meta vsel-alignleft\" style=\"width:36%;\"><h3 class=\"vsel-meta-title\">Profesin\u0117s s\u0105jungos pos\u0117dis-pasitarimas<\/h3><div class=\"vsel-meta-date vsel-meta-single-date\">Date: <span>2023-11-30<\/span><\/div><div class=\"vsel-meta-time\">Time: <span>13:00<\/span><\/div><\/div><div class=\"vsel-info-block vsel-alignright\" style=\"width:60%;\"><div class=\"vsel-info\">\n<p>Profesin\u0117s s\u0105jungos ir NVSPL administracijos pos\u0117dis-pasitarimas d\u0117l Nacionalin\u0117s kolektvin\u0117s sutarties ir LNSS kolektyvin\u0117s sutarties \u012fgyvendinimo.<\/p>\n<\/div><\/div><\/div><div class=\"vsel-nav\"><\/div><\/div>\n\n\n\n<p><\/p>\n","protected":false},"excerpt":{"rendered":"","protected":false},"author":1,"featured_media":0,"parent":0,"menu_order":3,"comment_status":"closed","ping_status":"closed","template":"","meta":{"jetpack_post_was_ever_published":false,"footnotes":""},"class_list":["post-19","page","type-page","status-publish","hentry"],"jetpack_sharing_enabled":true,"_links":{"self":[{"href":"https:\/\/profesinesajunga.eu\/index.php\/wp-json\/wp\/v2\/pages\/19","targetHints":{"allow":["GET"]}}],"collection":[{"href":"https:\/\/profesinesajunga.eu\/index.php\/wp-json\/wp\/v2\/pages"}],"about":[{"href":"https:\/\/profesinesajunga.eu\/index.php\/wp-json\/wp\/v2\/types\/page"}],"author":[{"embeddable":true,"href":"https:\/\/profesinesajunga.eu\/index.php\/wp-json\/wp\/v2\/users\/1"}],"replies":[{"embeddable":true,"href":"https:\/\/profesinesajunga.eu\/index.php\/wp-json\/wp\/v2\/comments?post=19"}],"version-history":[{"count":8,"href":"https:\/\/profesinesajunga.eu\/index.php\/wp-json\/wp\/v2\/pages\/19\/revisions"}],"predecessor-version":[{"id":192,"href":"https:\/\/profesinesajunga.eu\/index.php\/wp-json\/wp\/v2\/pages\/19\/revisions\/192"}],"wp:attachment":[{"href":"https:\/\/profesinesajunga.eu\/index.php\/wp-json\/wp\/v2\/media?parent=19"}],"curies":[{"name":"wp","href":"https:\/\/api.w.org\/{rel}","templated":true}]}}