{"id":13,"date":"2023-11-09T14:07:50","date_gmt":"2023-11-09T14:07:50","guid":{"rendered":"https:\/\/profesinesajunga.eu\/?page_id=13"},"modified":"2025-01-03T10:10:50","modified_gmt":"2025-01-03T08:10:50","slug":"kaip-tapti-nariu","status":"publish","type":"page","link":"https:\/\/profesinesajunga.eu\/index.php\/kaip-tapti-nariu\/","title":{"rendered":"Kaip tapti nariu"},"content":{"rendered":"\n<figure class=\"wp-block-image is-resized\"><img decoding=\"async\" src=\"https:\/\/cdn-icons-png.flaticon.com\/512\/7186\/7186404.png\" alt=\"Member card free icon\" style=\"width:121px;height:auto\" title=\"Member card free icon\"\/><\/figure>\n\n\n\n<p><\/p>\n\n\n\n<p>Norint tapti profesin\u0117s s\u0105jungos nariu:<\/p>\n\n\n\n<p>1. turite b\u016bti Nacionalin\u0117s visuomen\u0117s sveikatos prie\u017ei\u016bros laboratorijos darbuotojas;<\/p>\n\n\n\n<p>2. u\u017epildyti ir pasira\u0161yti pra\u0161ym\u0105 tapti profesin\u0117s s\u0105jungos nariu;<\/p>\n\n\n\n<p>3. u\u017epildyti ir pasira\u0161yti pra\u0161ym\u0105, skirt\u0105 Laboratorijos direktoriui, d\u0117l Profesin\u0117s s\u0105jungos nario mokes\u010dio nuskai\u010diavimo nuo atlyginimo, kuris yra 1 proc. nuo Laboratorijoje gaunamo atlyginimo \u012f rankas <\/p>\n\n\n\n<p>4. arba norint tiesiogiai mok\u0117ti nario mokest\u012f \u012f Profesin\u0117s s\u0105jungos s\u0105skait\u0105, turite pateikti algalpio paskutiniojo m\u0117nesio kopij\u0105, kuriame b\u016bt\u0173 nurodytas gaunamo atlyginimo koeficientas ir atlyginimas arba sutarties kopija su priedais, kurioje b\u016bt\u0173 nurodytas gaunamo atlyginimo koeficientas ir priedai prie atlyginimo. \u0160iuo atveju m\u0117nesio prad\u017eioje Jums bus pateikta s\u0105skait\u0105 apmok\u0117jimui.<\/p>\n\n\n\n<p>5. pasira\u0161ytus skenuotus ar el. para\u0161u pasira\u0161ytus dokumentus atsi\u0173sti el. pa\u0161tu nvspl@profesinesajunga.eu;<\/p>\n\n\n\n<p>6. sulaukti patvirtinimo apie naryst\u0119 profesin\u0117je s\u0105jungoje.<\/p>\n\n\n\n<div class=\"wp-block-file\"><a id=\"wp-block-file--media-c1585906-68bb-4f1c-b947-cdfe44e46272\" href=\"https:\/\/profesinesajunga.eu\/wp-content\/uploads\/2023\/11\/00_prasymas-del-stojimo-ps.docx\">00_Prasymas-del-stojimo-PS.docx<\/a><a href=\"https:\/\/profesinesajunga.eu\/wp-content\/uploads\/2023\/11\/00_prasymas-del-stojimo-ps.docx\" class=\"wp-block-file__button wp-element-button\" download aria-describedby=\"wp-block-file--media-c1585906-68bb-4f1c-b947-cdfe44e46272\">Parsisi\u0173sti<\/a><\/div>\n\n\n\n<div class=\"wp-block-file\"><a id=\"wp-block-file--media-6dd1678c-5e59-4e5a-b3ff-91c8df4f8ecb\" href=\"https:\/\/profesinesajunga.eu\/wp-content\/uploads\/2025\/01\/prasymas-del-profesines-sajungos-nario-mokescio.docx\">prasymas-del-profesines-sajungos-nario-mokescio<\/a><a href=\"https:\/\/profesinesajunga.eu\/wp-content\/uploads\/2025\/01\/prasymas-del-profesines-sajungos-nario-mokescio.docx\" class=\"wp-block-file__button wp-element-button\" download aria-describedby=\"wp-block-file--media-6dd1678c-5e59-4e5a-b3ff-91c8df4f8ecb\">Parsisi\u0173sti<\/a><\/div>\n","protected":false},"excerpt":{"rendered":"<p>Norint tapti profesin\u0117s s\u0105jungos nariu: 1. turite b\u016bti Nacionalin\u0117s visuomen\u0117s sveikatos prie\u017ei\u016bros laboratorijos darbuotojas; 2. u\u017epildyti ir pasira\u0161yti pra\u0161ym\u0105 tapti profesin\u0117s s\u0105jungos nariu; 3. u\u017epildyti ir pasira\u0161yti pra\u0161ym\u0105, skirt\u0105 Laboratorijos direktoriui, d\u0117l Profesin\u0117s s\u0105jungos nario mokes\u010dio nuskai\u010diavimo nuo atlyginimo, kuris yra 1 proc. nuo Laboratorijoje gaunamo atlyginimo \u012f rankas 4. arba norint tiesiogiai mok\u0117ti nario &#8230; <a title=\"Kaip tapti nariu\" class=\"read-more\" href=\"https:\/\/profesinesajunga.eu\/index.php\/kaip-tapti-nariu\/\" aria-label=\"More on Kaip tapti nariu\">Skaityti toliau<\/a><\/p>\n","protected":false},"author":1,"featured_media":0,"parent":0,"menu_order":2,"comment_status":"closed","ping_status":"closed","template":"","meta":{"jetpack_post_was_ever_published":false,"footnotes":""},"class_list":["post-13","page","type-page","status-publish"],"jetpack_sharing_enabled":true,"_links":{"self":[{"href":"https:\/\/profesinesajunga.eu\/index.php\/wp-json\/wp\/v2\/pages\/13","targetHints":{"allow":["GET"]}}],"collection":[{"href":"https:\/\/profesinesajunga.eu\/index.php\/wp-json\/wp\/v2\/pages"}],"about":[{"href":"https:\/\/profesinesajunga.eu\/index.php\/wp-json\/wp\/v2\/types\/page"}],"author":[{"embeddable":true,"href":"https:\/\/profesinesajunga.eu\/index.php\/wp-json\/wp\/v2\/users\/1"}],"replies":[{"embeddable":true,"href":"https:\/\/profesinesajunga.eu\/index.php\/wp-json\/wp\/v2\/comments?post=13"}],"version-history":[{"count":12,"href":"https:\/\/profesinesajunga.eu\/index.php\/wp-json\/wp\/v2\/pages\/13\/revisions"}],"predecessor-version":[{"id":333,"href":"https:\/\/profesinesajunga.eu\/index.php\/wp-json\/wp\/v2\/pages\/13\/revisions\/333"}],"wp:attachment":[{"href":"https:\/\/profesinesajunga.eu\/index.php\/wp-json\/wp\/v2\/media?parent=13"}],"curies":[{"name":"wp","href":"https:\/\/api.w.org\/{rel}","templated":true}]}}