{"id":11,"date":"2023-11-09T14:06:37","date_gmt":"2023-11-09T14:06:37","guid":{"rendered":"https:\/\/profesinesajunga.eu\/?page_id=11"},"modified":"2023-11-15T15:33:09","modified_gmt":"2023-11-15T15:33:09","slug":"apie","status":"publish","type":"page","link":"https:\/\/profesinesajunga.eu\/index.php\/apie\/","title":{"rendered":"Apie mus"},"content":{"rendered":"\n<figure class=\"wp-block-image size-full is-resized\"><img loading=\"lazy\" decoding=\"async\" width=\"512\" height=\"512\" src=\"https:\/\/profesinesajunga.eu\/wp-content\/uploads\/2023\/11\/image-2.png\" alt=\"\" class=\"wp-image-168\" style=\"width:107px;height:auto\" srcset=\"https:\/\/profesinesajunga.eu\/wp-content\/uploads\/2023\/11\/image-2.png 512w, https:\/\/profesinesajunga.eu\/wp-content\/uploads\/2023\/11\/image-2-300x300.png 300w, https:\/\/profesinesajunga.eu\/wp-content\/uploads\/2023\/11\/image-2-150x150.png 150w\" sizes=\"auto, (max-width: 512px) 100vw, 512px\" \/><\/figure>\n\n\n\n<p><\/p>\n\n\n\n<p><a href=\"https:\/\/profesinesajunga.eu\/index.php\/apie\/kas-yra-nvspl-profesine-sajunga\/\">Kas yra NVSPL profesin\u0117 s\u0105junga<\/a><\/p>\n\n\n\n<p><a href=\"https:\/\/profesinesajunga.eu\/index.php\/apie\/istatai\/\" target=\"_blank\" rel=\"noreferrer noopener\">Profesin\u0117s s\u0105jungos \u012fstatai<\/a><\/p>\n\n\n\n<p><a href=\"https:\/\/profesinesajunga.eu\/index.php\/apie\/taryba\/\">Taryba<\/a><\/p>\n\n\n\n<p><a href=\"https:\/\/profesinesajunga.eu\/index.php\/apie\/revizijos-komisija\/\">Revizijos komisija<\/a><\/p>\n","protected":false},"excerpt":{"rendered":"<p>Kas yra NVSPL profesin\u0117 s\u0105junga Profesin\u0117s s\u0105jungos \u012fstatai Taryba Revizijos komisija<\/p>\n","protected":false},"author":1,"featured_media":0,"parent":0,"menu_order":1,"comment_status":"closed","ping_status":"closed","template":"","meta":{"jetpack_post_was_ever_published":false,"footnotes":""},"class_list":["post-11","page","type-page","status-publish"],"jetpack_sharing_enabled":true,"_links":{"self":[{"href":"https:\/\/profesinesajunga.eu\/index.php\/wp-json\/wp\/v2\/pages\/11","targetHints":{"allow":["GET"]}}],"collection":[{"href":"https:\/\/profesinesajunga.eu\/index.php\/wp-json\/wp\/v2\/pages"}],"about":[{"href":"https:\/\/profesinesajunga.eu\/index.php\/wp-json\/wp\/v2\/types\/page"}],"author":[{"embeddable":true,"href":"https:\/\/profesinesajunga.eu\/index.php\/wp-json\/wp\/v2\/users\/1"}],"replies":[{"embeddable":true,"href":"https:\/\/profesinesajunga.eu\/index.php\/wp-json\/wp\/v2\/comments?post=11"}],"version-history":[{"count":5,"href":"https:\/\/profesinesajunga.eu\/index.php\/wp-json\/wp\/v2\/pages\/11\/revisions"}],"predecessor-version":[{"id":185,"href":"https:\/\/profesinesajunga.eu\/index.php\/wp-json\/wp\/v2\/pages\/11\/revisions\/185"}],"wp:attachment":[{"href":"https:\/\/profesinesajunga.eu\/index.php\/wp-json\/wp\/v2\/media?parent=11"}],"curies":[{"name":"wp","href":"https:\/\/api.w.org\/{rel}","templated":true}]}}